{"id":1150,"date":"2022-06-24T16:38:49","date_gmt":"2022-06-24T16:38:49","guid":{"rendered":"https:\/\/infoecia.com\/site\/?page_id=1150"},"modified":"2022-06-24T20:12:42","modified_gmt":"2022-06-24T20:12:42","slug":"quem-somos","status":"publish","type":"page","link":"https:\/\/infoecia.com\/site\/quem-somos\/","title":{"rendered":"Quem Somos"},"content":{"rendered":"<p>[et_pb_section fb_built=&#8221;1&#8243; admin_label=&#8221;section&#8221; _builder_version=&#8221;4.9.10&#8243; background_image=&#8221;https:\/\/infoecia.com\/site\/wp-content\/uploads\/2021\/09\/infoecia_bg_slide.jpg&#8221;][et_pb_row column_structure=&#8221;1_2,1_2&#8243; admin_label=&#8221;row&#8221; _builder_version=&#8221;3.25&#8243; background_size=&#8221;initial&#8221; background_position=&#8221;top_left&#8221; background_repeat=&#8221;repeat&#8221;][et_pb_column type=&#8221;1_2&#8243; _builder_version=&#8221;3.25&#8243; custom_padding=&#8221;|||&#8221; custom_padding__hover=&#8221;|||&#8221;][et_pb_image src=&#8221;https:\/\/infoecia.com\/site\/wp-content\/uploads\/2022\/06\/site_infoecia_foto.png&#8221; title_text=&#8221;site_infoecia_foto&#8221; _builder_version=&#8221;4.9.10&#8243; _module_preset=&#8221;default&#8221;][\/et_pb_image][\/et_pb_column][et_pb_column type=&#8221;1_2&#8243; _builder_version=&#8221;3.25&#8243; custom_padding=&#8221;|||&#8221; custom_padding__hover=&#8221;|||&#8221;][et_pb_text _builder_version=&#8221;4.9.10&#8243; _module_preset=&#8221;default&#8221; text_font=&#8221;|800|||||||&#8221; text_font_size=&#8221;39px&#8221; custom_margin=&#8221;33px|||||&#8221;]<\/p>\n<p>Quem Somos<\/p>\n<p>[\/et_pb_text][et_pb_text _builder_version=&#8221;4.9.10&#8243; _module_preset=&#8221;default&#8221;]<\/p>\n<p>A mais de 20 anos no mercado da Inform\u00e1tica, a Info &amp; Cia se destaca como uma das melhores empresas do ramo em S\u00e3o Manuel e regi\u00e3o.<\/p>\n<p>Atendendo empresas, com\u00e9rcios e p\u00fablico em geral, oferecemos Assist\u00eancia T\u00e9cnica Especializada em Computadores e Notebooks, al\u00e9m de configura\u00e7\u00f5es de redes e venda de arigos como Impressoras, perif\u00e9ricos, acess\u00f3rios, ampla linha Gamer e para escrit\u00f3rio.<\/p>\n<p>Bom atendimento e compromisso voc\u00ea encontra aqui.<\/p>\n<p>Fa\u00e7a-nos uma visita.<\/p>\n<p>[\/et_pb_text][\/et_pb_column][\/et_pb_row][et_pb_row _builder_version=&#8221;4.9.10&#8243; _module_preset=&#8221;default&#8221; module_id=&#8221;servicos&#8221; hover_enabled=&#8221;0&#8243; sticky_enabled=&#8221;0&#8243;][et_pb_column _builder_version=&#8221;4.9.10&#8243; _module_preset=&#8221;default&#8221; type=&#8221;4_4&#8243;][et_pb_text _builder_version=&#8221;4.9.10&#8243; _module_preset=&#8221;default&#8221; text_font=&#8221;|800|||||||&#8221; text_font_size=&#8221;39px&#8221; custom_margin=&#8221;33px|||||&#8221; hover_enabled=&#8221;0&#8243; sticky_enabled=&#8221;0&#8243;]<\/p>\n<p>Nossos Servi\u00e7os<\/p>\n<p>[\/et_pb_text][et_pb_toggle title=&#8221;FORMATA\u00c7\u00c3O DE COMPUTADORES E NOTEBOOKS&#8221; _builder_version=&#8221;4.9.10&#8243; _module_preset=&#8221;default&#8221; hover_enabled=&#8221;0&#8243; sticky_enabled=&#8221;0&#8243;][\/et_pb_toggle][et_pb_toggle title=&#8221;MANUTEN\u00c7\u00c3O IMPRESSORAS&#8221; _builder_version=&#8221;4.9.10&#8243; _module_preset=&#8221;default&#8221; hover_enabled=&#8221;0&#8243; sticky_enabled=&#8221;0&#8243;][\/et_pb_toggle][et_pb_toggle title=&#8221;VENDA DE EQUIPAMENTOS E SUPRIMENTOS&#8221; _builder_version=&#8221;4.9.10&#8243; _module_preset=&#8221;default&#8221; hover_enabled=&#8221;0&#8243; sticky_enabled=&#8221;0&#8243;][\/et_pb_toggle][et_pb_toggle title=&#8221;VENDA DE NOTEBOOKS E PC GAMERS&#8221; _builder_version=&#8221;4.9.10&#8243; _module_preset=&#8221;default&#8221; hover_enabled=&#8221;0&#8243; sticky_enabled=&#8221;0&#8243;][\/et_pb_toggle][et_pb_toggle title=&#8221;CONFIGURA\u00c7\u00c3O DE AMBIENTE DE REDE&#8221; _builder_version=&#8221;4.9.10&#8243; _module_preset=&#8221;default&#8221; hover_enabled=&#8221;0&#8243; sticky_enabled=&#8221;0&#8243;][\/et_pb_toggle][et_pb_toggle title=&#8221;ATENDIMENTO RESIDENCIAL E CORPORATIVO&#8221; _builder_version=&#8221;4.9.10&#8243; _module_preset=&#8221;default&#8221; hover_enabled=&#8221;0&#8243; sticky_enabled=&#8221;0&#8243;][\/et_pb_toggle][\/et_pb_column][\/et_pb_row][et_pb_row _builder_version=&#8221;4.9.10&#8243; _module_preset=&#8221;default&#8221; custom_margin=&#8221;66px|auto||auto||&#8221;][et_pb_column type=&#8221;4_4&#8243; _builder_version=&#8221;4.9.10&#8243; _module_preset=&#8221;default&#8221;][et_pb_image src=&#8221;https:\/\/infoecia.com\/site\/wp-content\/uploads\/2022\/06\/site_infoecia_logo_top3.png&#8221; title_text=&#8221;site_infoecia_logo_top3&#8243; align=&#8221;center&#8221; _builder_version=&#8221;4.9.10&#8243; _module_preset=&#8221;default&#8221; max_width=&#8221;980px&#8221;][\/et_pb_image][\/et_pb_column][\/et_pb_row][\/et_pb_section]<\/p>\n<div style=\"padding-bottom:20px; padding-top:10px;\" class=\"hupso-share-buttons\"><!-- Hupso Share Buttons - https:\/\/www.hupso.com\/share\/ --><a class=\"hupso_counters\" href=\"https:\/\/www.hupso.com\/share\/\"><img src=\"https:\/\/static.hupso.com\/share\/buttons\/dot.png\" style=\"border:0px; padding-top:2px; float:left;\" alt=\"Share Button\"\/><\/a><script type=\"text\/javascript\">var hupso_services_c=new Array(\"twitter\",\"facebook_like\",\"facebook_send\",\"google\",\"pinterest\",\"email\",\"print\",\"linkedin\");var hupso_counters_lang = \"pt_BR\";var hupso_image_folder_url = \"\";var hupso_url_c=\"\";var hupso_title_c=\"Quem%20Somos\";<\/script><script type=\"text\/javascript\" src=\"https:\/\/static.hupso.com\/share\/js\/counters.js\"><\/script><!-- Hupso Share Buttons --><\/div>","protected":false},"excerpt":{"rendered":"<p>Quem Somos A mais de 20 anos no mercado da Inform\u00e1tica, a Info &amp; Cia se destaca como uma das melhores empresas do ramo em S\u00e3o Manuel e regi\u00e3o. Atendendo empresas, com\u00e9rcios e p\u00fablico em geral, oferecemos Assist\u00eancia T\u00e9cnica Especializada em Computadores e Notebooks, al\u00e9m de configura\u00e7\u00f5es de redes e venda de arigos como Impressoras, [&hellip;]<\/p>\n","protected":false},"author":1,"featured_media":0,"parent":0,"menu_order":0,"comment_status":"closed","ping_status":"closed","template":"","meta":{"_et_pb_use_builder":"on","_et_pb_old_content":"","_et_gb_content_width":""},"_links":{"self":[{"href":"https:\/\/infoecia.com\/site\/wp-json\/wp\/v2\/pages\/1150"}],"collection":[{"href":"https:\/\/infoecia.com\/site\/wp-json\/wp\/v2\/pages"}],"about":[{"href":"https:\/\/infoecia.com\/site\/wp-json\/wp\/v2\/types\/page"}],"author":[{"embeddable":true,"href":"https:\/\/infoecia.com\/site\/wp-json\/wp\/v2\/users\/1"}],"replies":[{"embeddable":true,"href":"https:\/\/infoecia.com\/site\/wp-json\/wp\/v2\/comments?post=1150"}],"version-history":[{"count":4,"href":"https:\/\/infoecia.com\/site\/wp-json\/wp\/v2\/pages\/1150\/revisions"}],"predecessor-version":[{"id":1168,"href":"https:\/\/infoecia.com\/site\/wp-json\/wp\/v2\/pages\/1150\/revisions\/1168"}],"wp:attachment":[{"href":"https:\/\/infoecia.com\/site\/wp-json\/wp\/v2\/media?parent=1150"}],"curies":[{"name":"wp","href":"https:\/\/api.w.org\/{rel}","templated":true}]}}