{"id":41,"date":"2018-03-28T02:28:01","date_gmt":"2018-03-28T02:28:01","guid":{"rendered":"https:\/\/infoecia.com\/site\/?page_id=41"},"modified":"2026-03-12T15:14:20","modified_gmt":"2026-03-12T15:14:20","slug":"home","status":"publish","type":"page","link":"https:\/\/infoecia.com\/site\/","title":{"rendered":"Home"},"content":{"rendered":"<p>[et_pb_section fb_built=&#8221;1&#8243; _builder_version=&#8221;4.4.2&#8243; custom_padding=&#8221;26px|||||&#8221;][et_pb_row column_structure=&#8221;1_4,3_4&#8243; _builder_version=&#8221;4.4.2&#8243;][et_pb_column type=&#8221;1_4&#8243; _builder_version=&#8221;4.9.10&#8243; _module_preset=&#8221;default&#8221;][et_pb_sidebar _builder_version=&#8221;4.9.10&#8243; _module_preset=&#8221;default&#8221; header_font=&#8221;|800|||||||&#8221; header_font_size=&#8221;20px&#8221; header_line_height=&#8221;1.7em&#8221; body_font=&#8221;||||||||&#8221; body_font_size=&#8221;15px&#8221; background_image=&#8221;https:\/\/infoecia.com\/site\/wp-content\/uploads\/2021\/09\/bg_topo.jpg&#8221; background_layout=&#8221;dark&#8221; custom_padding=&#8221;20px|10px|10px|20px|false|false&#8221; border_radii=&#8221;on|10px|10px|10px|10px&#8221; box_shadow_style=&#8221;preset3&#8243;][\/et_pb_sidebar][\/et_pb_column][et_pb_column type=&#8221;3_4&#8243; _builder_version=&#8221;4.4.2&#8243;][et_pb_text _builder_version=&#8221;4.9.10&#8243; text_font=&#8221;Roboto|900|on|on|||||&#8221; text_text_color=&#8221;#000000&#8243; text_font_size=&#8221;35px&#8221; text_letter_spacing=&#8221;-2px&#8221; text_orientation=&#8221;center&#8221;]<\/p>\n<p>Em Destaque:<\/p>\n<p>[\/et_pb_text][et_pb_divider color=&#8221;#000000&#8243; divider_style=&#8221;dotted&#8221; divider_weight=&#8221;3px&#8221; _builder_version=&#8221;4.5.0&#8243;][\/et_pb_divider][et_pb_shop posts_number=&#8221;6&#8243; columns_number=&#8221;3&#8243; icon_hover_color=&#8221;#ffffff&#8221; hover_overlay_color=&#8221;rgba(255,67,0,0.76)&#8221; hover_icon=&#8221;%%204%%&#8221; icon_hover_color_last_edited=&#8221;off|desktop&#8221; _builder_version=&#8221;4.9.10&#8243; title_font=&#8221;Roboto Condensed||||||||&#8221; title_text_align=&#8221;center&#8221; title_font_size=&#8221;20px&#8221; price_font=&#8221;||||||||&#8221; price_text_align=&#8221;center&#8221; price_text_color=&#8221;#E02B20&#8243; price_font_size=&#8221;15px&#8221; price_line_height=&#8221;16px&#8221; hover_enabled=&#8221;0&#8243; orderby=&#8221;menu_order&#8221; sticky_enabled=&#8221;0&#8243;][\/et_pb_shop][et_pb_divider color=&#8221;#000000&#8243; divider_style=&#8221;dotted&#8221; divider_weight=&#8221;3px&#8221; _builder_version=&#8221;4.5.0&#8243;][\/et_pb_divider][et_pb_shop posts_number=&#8221;6&#8243; columns_number=&#8221;3&#8243; orderby=&#8221;date&#8221; icon_hover_color=&#8221;#ffffff&#8221; hover_overlay_color=&#8221;rgba(224,43,32,0.73)&#8221; hover_icon=&#8221;%%204%%&#8221; icon_hover_color_last_edited=&#8221;off|desktop&#8221; _builder_version=&#8221;4.9.10&#8243; title_font=&#8221;Roboto Condensed||||||||&#8221; title_text_align=&#8221;center&#8221; title_font_size=&#8221;16px&#8221; price_font=&#8221;||||||||&#8221; price_text_align=&#8221;center&#8221; price_text_color=&#8221;#E02B20&#8243; price_font_size=&#8221;15px&#8221; price_line_height=&#8221;16px&#8221;][\/et_pb_shop][et_pb_button button_url=&#8221;@ET-DC@eyJkeW5hbWljIjp0cnVlLCJjb250ZW50IjoicG9zdF9saW5rX3VybF9wYWdlIiwic2V0dGluZ3MiOnsicG9zdF9pZCI6IjMxOSJ9fQ==@&#8221; button_text=&#8221;Ver mais&#8230;&#8221; button_alignment=&#8221;center&#8221; _builder_version=&#8221;4.9.10&#8243; _dynamic_attributes=&#8221;button_url&#8221; _module_preset=&#8221;default&#8221;][\/et_pb_button][\/et_pb_column][\/et_pb_row][\/et_pb_section]<\/p>\n<div style=\"padding-bottom:20px; padding-top:10px;\" class=\"hupso-share-buttons\"><!-- Hupso Share Buttons - https:\/\/www.hupso.com\/share\/ --><a class=\"hupso_counters\" href=\"https:\/\/www.hupso.com\/share\/\"><img src=\"https:\/\/static.hupso.com\/share\/buttons\/dot.png\" style=\"border:0px; padding-top:2px; float:left;\" alt=\"Share Button\"\/><\/a><script type=\"text\/javascript\">var hupso_services_c=new Array(\"twitter\",\"facebook_like\",\"facebook_send\",\"google\",\"pinterest\",\"email\",\"print\",\"linkedin\");var hupso_counters_lang = \"pt_BR\";var hupso_image_folder_url = \"\";var hupso_url_c=\"\";var hupso_title_c=\"Home\";<\/script><script type=\"text\/javascript\" src=\"https:\/\/static.hupso.com\/share\/js\/counters.js\"><\/script><!-- Hupso Share Buttons --><\/div>","protected":false},"excerpt":{"rendered":"<p>Categorias de produtoEm Destaque Inform\u00e1tica Acess\u00f3rios Caixas de Som Computadores Disco R\u00edgido e SSD\u00b4s Diversos Impressoras Cartuchos e Tintas Mem\u00f3rias Monitores Mouses Notebooks Pendrives Phones e Headset Roteadores Teclados M\u00f3veis Cadeiras Em Destaque: Or\u00e7amento por Whatsapp! Or\u00e7amento por Whatsapp! Or\u00e7amento por Whatsapp! Or\u00e7amento por Whatsapp! Or\u00e7amento por Whatsapp! Or\u00e7amento por Whatsapp! Or\u00e7amento por Whatsapp! Or\u00e7amento [&hellip;]<\/p>\n","protected":false},"author":1,"featured_media":0,"parent":0,"menu_order":0,"comment_status":"closed","ping_status":"closed","template":"","meta":{"_et_pb_use_builder":"on","_et_pb_old_content":"","_et_gb_content_width":""},"_links":{"self":[{"href":"https:\/\/infoecia.com\/site\/wp-json\/wp\/v2\/pages\/41"}],"collection":[{"href":"https:\/\/infoecia.com\/site\/wp-json\/wp\/v2\/pages"}],"about":[{"href":"https:\/\/infoecia.com\/site\/wp-json\/wp\/v2\/types\/page"}],"author":[{"embeddable":true,"href":"https:\/\/infoecia.com\/site\/wp-json\/wp\/v2\/users\/1"}],"replies":[{"embeddable":true,"href":"https:\/\/infoecia.com\/site\/wp-json\/wp\/v2\/comments?post=41"}],"version-history":[{"count":86,"href":"https:\/\/infoecia.com\/site\/wp-json\/wp\/v2\/pages\/41\/revisions"}],"predecessor-version":[{"id":1491,"href":"https:\/\/infoecia.com\/site\/wp-json\/wp\/v2\/pages\/41\/revisions\/1491"}],"wp:attachment":[{"href":"https:\/\/infoecia.com\/site\/wp-json\/wp\/v2\/media?parent=41"}],"curies":[{"name":"wp","href":"https:\/\/api.w.org\/{rel}","templated":true}]}}