{"id":1297,"date":"2026-03-11T18:34:53","date_gmt":"2026-03-11T18:34:53","guid":{"rendered":"https:\/\/infoecia.com\/site\/?post_type=product&#038;p=1297"},"modified":"2026-03-11T18:34:53","modified_gmt":"2026-03-11T18:34:53","slug":"cartao-de-memoria-microsd-64gb-kingston","status":"publish","type":"product","link":"https:\/\/infoecia.com\/site\/produto\/cartao-de-memoria-microsd-64gb-kingston\/","title":{"rendered":"Cart\u00e3o De Mem\u00f3ria Microsd 64gb Kingston"},"content":{"rendered":"<p>Os produtos expostos neste site n\u00e3o refletem necessariamente sua disponibilidade em nosso estoque.<br \/>\nPor favor consulte via Whatsapp para quantidade e pre\u00e7o dispon\u00edvel.<\/p>\n<div style=\"padding-bottom:20px; padding-top:10px;\" class=\"hupso-share-buttons\"><!-- Hupso Share Buttons - https:\/\/www.hupso.com\/share\/ --><a class=\"hupso_counters\" href=\"https:\/\/www.hupso.com\/share\/\"><img src=\"https:\/\/static.hupso.com\/share\/buttons\/dot.png\" style=\"border:0px; padding-top:2px; float:left;\" alt=\"Share Button\"\/><\/a><script type=\"text\/javascript\">var hupso_services_c=new Array(\"twitter\",\"facebook_like\",\"facebook_send\",\"google\",\"pinterest\",\"email\",\"print\",\"linkedin\");var hupso_counters_lang = \"pt_BR\";var hupso_image_folder_url = \"\";var hupso_url_c=\"\";var hupso_title_c=\"Cart%C3%A3o%20De%20Mem%C3%B3ria%20Microsd%2064gb%20Kingston\";<\/script><script type=\"text\/javascript\" src=\"https:\/\/static.hupso.com\/share\/js\/counters.js\"><\/script><!-- Hupso Share Buttons --><\/div>","protected":false},"excerpt":{"rendered":"<p>Os produtos expostos neste site n\u00e3o refletem necessariamente sua disponibilidade em nosso estoque. Por favor consulte via Whatsapp para quantidade e pre\u00e7o dispon\u00edvel.<\/p>\n","protected":false},"featured_media":1293,"comment_status":"open","ping_status":"closed","template":"","meta":{"_et_pb_use_builder":"","_et_pb_old_content":"","_et_gb_content_width":""},"product_cat":[104],"product_tag":[],"_links":{"self":[{"href":"https:\/\/infoecia.com\/site\/wp-json\/wp\/v2\/product\/1297"}],"collection":[{"href":"https:\/\/infoecia.com\/site\/wp-json\/wp\/v2\/product"}],"about":[{"href":"https:\/\/infoecia.com\/site\/wp-json\/wp\/v2\/types\/product"}],"replies":[{"embeddable":true,"href":"https:\/\/infoecia.com\/site\/wp-json\/wp\/v2\/comments?post=1297"}],"wp:featuredmedia":[{"embeddable":true,"href":"https:\/\/infoecia.com\/site\/wp-json\/wp\/v2\/media\/1293"}],"wp:attachment":[{"href":"https:\/\/infoecia.com\/site\/wp-json\/wp\/v2\/media?parent=1297"}],"wp:term":[{"taxonomy":"product_cat","embeddable":true,"href":"https:\/\/infoecia.com\/site\/wp-json\/wp\/v2\/product_cat?post=1297"},{"taxonomy":"product_tag","embeddable":true,"href":"https:\/\/infoecia.com\/site\/wp-json\/wp\/v2\/product_tag?post=1297"}],"curies":[{"name":"wp","href":"https:\/\/api.w.org\/{rel}","templated":true}]}}