{"id":1424,"date":"2026-03-12T14:37:29","date_gmt":"2026-03-12T14:37:29","guid":{"rendered":"https:\/\/infoecia.com\/site\/?post_type=product&#038;p=1424"},"modified":"2026-03-12T14:37:29","modified_gmt":"2026-03-12T14:37:29","slug":"apoio-ergonomico-para-pes","status":"publish","type":"product","link":"https:\/\/infoecia.com\/site\/produto\/apoio-ergonomico-para-pes\/","title":{"rendered":"Apoio Ergon\u00f4mico para P\u00e9s"},"content":{"rendered":"<p>Os produtos expostos neste site n\u00e3o refletem necessariamente sua disponibilidade em nosso estoque.<br \/>\nPor favor consulte via Whatsapp para quantidade e pre\u00e7o dispon\u00edvel.<\/p>\n<div style=\"padding-bottom:20px; padding-top:10px;\" class=\"hupso-share-buttons\"><!-- Hupso Share Buttons - https:\/\/www.hupso.com\/share\/ --><a class=\"hupso_counters\" href=\"https:\/\/www.hupso.com\/share\/\"><img src=\"https:\/\/static.hupso.com\/share\/buttons\/dot.png\" style=\"border:0px; padding-top:2px; float:left;\" alt=\"Share Button\"\/><\/a><script type=\"text\/javascript\">var hupso_services_c=new Array(\"twitter\",\"facebook_like\",\"facebook_send\",\"google\",\"pinterest\",\"email\",\"print\",\"linkedin\");var hupso_counters_lang = \"pt_BR\";var hupso_image_folder_url = \"\";var hupso_url_c=\"\";var hupso_title_c=\"Apoio%20Ergon%C3%B4mico%20para%20P%C3%A9s\";<\/script><script type=\"text\/javascript\" src=\"https:\/\/static.hupso.com\/share\/js\/counters.js\"><\/script><!-- Hupso Share Buttons --><\/div>","protected":false},"excerpt":{"rendered":"<p>Os produtos expostos neste site n\u00e3o refletem necessariamente sua disponibilidade em nosso estoque. Por favor consulte via Whatsapp para quantidade e pre\u00e7o dispon\u00edvel.<\/p>\n","protected":false},"featured_media":1425,"comment_status":"open","ping_status":"closed","template":"","meta":{"_et_pb_use_builder":"","_et_pb_old_content":"","_et_gb_content_width":""},"product_cat":[115],"product_tag":[],"_links":{"self":[{"href":"https:\/\/infoecia.com\/site\/wp-json\/wp\/v2\/product\/1424"}],"collection":[{"href":"https:\/\/infoecia.com\/site\/wp-json\/wp\/v2\/product"}],"about":[{"href":"https:\/\/infoecia.com\/site\/wp-json\/wp\/v2\/types\/product"}],"replies":[{"embeddable":true,"href":"https:\/\/infoecia.com\/site\/wp-json\/wp\/v2\/comments?post=1424"}],"wp:featuredmedia":[{"embeddable":true,"href":"https:\/\/infoecia.com\/site\/wp-json\/wp\/v2\/media\/1425"}],"wp:attachment":[{"href":"https:\/\/infoecia.com\/site\/wp-json\/wp\/v2\/media?parent=1424"}],"wp:term":[{"taxonomy":"product_cat","embeddable":true,"href":"https:\/\/infoecia.com\/site\/wp-json\/wp\/v2\/product_cat?post=1424"},{"taxonomy":"product_tag","embeddable":true,"href":"https:\/\/infoecia.com\/site\/wp-json\/wp\/v2\/product_tag?post=1424"}],"curies":[{"name":"wp","href":"https:\/\/api.w.org\/{rel}","templated":true}]}}